{"id":5,"date":"2024-08-15T21:57:31","date_gmt":"2024-08-15T19:57:31","guid":{"rendered":"https:\/\/cours-peinture-mogli.fr\/?page_id=5"},"modified":"2024-08-17T06:13:58","modified_gmt":"2024-08-17T04:13:58","slug":"cours-de-dessin-et-peinture-a-annecy","status":"publish","type":"page","link":"https:\/\/cours-peinture-mogli.fr\/","title":{"rendered":"L&rsquo;atelier de Jocelyne Mogli vous accueille."},"content":{"rendered":"\n<h1 class=\"wp-block-heading\"><strong>Quel que soit votre style,&nbsp;figuratif, abstrait, cr\u00e9atif,&nbsp;<\/strong><strong>venez d\u00e9couvrir le plaisir de peindre !<\/strong><\/h1>\n\n\n\n<p>Que vous soyez \u00ab&nbsp;d\u00e9butant&nbsp;\u00bb ou \u00ab&nbsp;confirm\u00e9&nbsp;\u00bb vous trouverez dans les cours \u00ab&nbsp;votre bonheur&nbsp;\u00bb !<br>\u2013&nbsp;<strong>D\u00e9butant<\/strong>&nbsp;: apr\u00e8s le dessin sommaire d\u2019un sujet que vous aurez choisi vous apprendrez les diff\u00e9rentes \u00e9tapes jusqu\u2019\u00e0 l\u2019aboutissement de votre travail.<br>\u2013&nbsp;<strong>Confirm\u00e9<\/strong>&nbsp;: &nbsp;vous serez guid\u00e9&nbsp;vers l\u2019interpr\u00e9tation d\u2019un sujet ou la cr\u00e9ation de \u00ab&nbsp;votre \u0153uvre&nbsp;\u00bb.<br>Jocelyne Mogli vous&nbsp;aidera \u00e0 ma\u00eetriser les techniques&nbsp;\u00e0 votre disposition pour traduire votre ressenti vos id\u00e9es ou vos \u00e9motions.<br>Au sein du groupe vous trouverez une ambiance conviviale, des \u00e9changes int\u00e9ressants, une \u00e9mulation, qui contribueront \u00e0 vous faire passer un moment \u00ab&nbsp;pr\u00e9cieux&nbsp;\u00bb bien \u00e0 vous.<\/p>\n","protected":false},"excerpt":{"rendered":"<p>Quel que soit votre style,&nbsp;figuratif, abstrait, cr\u00e9atif,&nbsp;venez d\u00e9couvrir le plaisir de peindre ! Que vous soyez \u00ab&nbsp;d\u00e9butant&nbsp;\u00bb ou \u00ab&nbsp;confirm\u00e9&nbsp;\u00bb vous trouverez dans les cours \u00ab&nbsp;votre bonheur&nbsp;\u00bb !\u2013&nbsp;D\u00e9butant&nbsp;: apr\u00e8s le dessin sommaire d\u2019un sujet que vous aurez choisi vous apprendrez les diff\u00e9rentes \u00e9tapes jusqu\u2019\u00e0 l\u2019aboutissement de votre travail.\u2013&nbsp;Confirm\u00e9&nbsp;: &nbsp;vous serez guid\u00e9&nbsp;vers l\u2019interpr\u00e9tation d\u2019un sujet ou la &hellip; <a href=\"https:\/\/cours-peinture-mogli.fr\/\" class=\"more-link\">Continuer la lecture de <span class=\"screen-reader-text\">L&rsquo;atelier de Jocelyne Mogli vous accueille.<\/span>  <span class=\"meta-nav\">&rarr;<\/span><\/a><\/p>\n","protected":false},"author":1,"featured_media":0,"parent":0,"menu_order":0,"comment_status":"closed","ping_status":"closed","template":"page-templates\/full-width.php","meta":{"footnotes":""},"class_list":["post-5","page","type-page","status-publish","hentry"],"aioseo_notices":[],"_links":{"self":[{"href":"https:\/\/cours-peinture-mogli.fr\/index.php\/wp-json\/wp\/v2\/pages\/5","targetHints":{"allow":["GET"]}}],"collection":[{"href":"https:\/\/cours-peinture-mogli.fr\/index.php\/wp-json\/wp\/v2\/pages"}],"about":[{"href":"https:\/\/cours-peinture-mogli.fr\/index.php\/wp-json\/wp\/v2\/types\/page"}],"author":[{"embeddable":true,"href":"https:\/\/cours-peinture-mogli.fr\/index.php\/wp-json\/wp\/v2\/users\/1"}],"replies":[{"embeddable":true,"href":"https:\/\/cours-peinture-mogli.fr\/index.php\/wp-json\/wp\/v2\/comments?post=5"}],"version-history":[{"count":3,"href":"https:\/\/cours-peinture-mogli.fr\/index.php\/wp-json\/wp\/v2\/pages\/5\/revisions"}],"predecessor-version":[{"id":448,"href":"https:\/\/cours-peinture-mogli.fr\/index.php\/wp-json\/wp\/v2\/pages\/5\/revisions\/448"}],"wp:attachment":[{"href":"https:\/\/cours-peinture-mogli.fr\/index.php\/wp-json\/wp\/v2\/media?parent=5"}],"curies":[{"name":"wp","href":"https:\/\/api.w.org\/{rel}","templated":true}]}}