{"id":278,"date":"2024-08-16T15:53:12","date_gmt":"2024-08-16T13:53:12","guid":{"rendered":"https:\/\/cours-peinture-mogli.fr\/?page_id=278"},"modified":"2024-08-20T14:24:37","modified_gmt":"2024-08-20T12:24:37","slug":"bon-cadeau","status":"publish","type":"page","link":"https:\/\/cours-peinture-mogli.fr\/index.php\/bon-cadeau\/","title":{"rendered":"Bon cadeau"},"content":{"rendered":"\n<p>Une id\u00e9e cadeau:<\/p>\n\n\n\n<p>Quelques cours pour d\u00e9couvrir la technique de la peinture qui vous permettra \u00e0 l\u2019aide d\u2019un mod\u00e8le choisi de terminer votre \u00ab&nbsp;oeuvre&nbsp;\u00bb.<\/p>\n\n\n\n<p><\/p>\n","protected":false},"excerpt":{"rendered":"<p>Une id\u00e9e cadeau: Quelques cours pour d\u00e9couvrir la technique de la peinture qui vous permettra \u00e0 l\u2019aide d\u2019un mod\u00e8le choisi de terminer votre \u00ab&nbsp;oeuvre&nbsp;\u00bb.<\/p>\n","protected":false},"author":1,"featured_media":0,"parent":0,"menu_order":0,"comment_status":"closed","ping_status":"closed","template":"","meta":{"footnotes":""},"class_list":["post-278","page","type-page","status-publish","hentry"],"aioseo_notices":[],"_links":{"self":[{"href":"https:\/\/cours-peinture-mogli.fr\/index.php\/wp-json\/wp\/v2\/pages\/278","targetHints":{"allow":["GET"]}}],"collection":[{"href":"https:\/\/cours-peinture-mogli.fr\/index.php\/wp-json\/wp\/v2\/pages"}],"about":[{"href":"https:\/\/cours-peinture-mogli.fr\/index.php\/wp-json\/wp\/v2\/types\/page"}],"author":[{"embeddable":true,"href":"https:\/\/cours-peinture-mogli.fr\/index.php\/wp-json\/wp\/v2\/users\/1"}],"replies":[{"embeddable":true,"href":"https:\/\/cours-peinture-mogli.fr\/index.php\/wp-json\/wp\/v2\/comments?post=278"}],"version-history":[{"count":2,"href":"https:\/\/cours-peinture-mogli.fr\/index.php\/wp-json\/wp\/v2\/pages\/278\/revisions"}],"predecessor-version":[{"id":466,"href":"https:\/\/cours-peinture-mogli.fr\/index.php\/wp-json\/wp\/v2\/pages\/278\/revisions\/466"}],"wp:attachment":[{"href":"https:\/\/cours-peinture-mogli.fr\/index.php\/wp-json\/wp\/v2\/media?parent=278"}],"curies":[{"name":"wp","href":"https:\/\/api.w.org\/{rel}","templated":true}]}}