{"id":16,"date":"2024-08-15T22:05:19","date_gmt":"2024-08-15T20:05:19","guid":{"rendered":"https:\/\/cours-peinture-mogli.fr\/?page_id=16"},"modified":"2024-08-17T06:14:43","modified_gmt":"2024-08-17T04:14:43","slug":"les-cours","status":"publish","type":"page","link":"https:\/\/cours-peinture-mogli.fr\/index.php\/les-cours\/","title":{"rendered":"Les Cours"},"content":{"rendered":"\n<h1 class=\"wp-block-heading\">Les cours se d\u00e9roulent en petits groupes de 5 personnes au 5, avenue des Romains \u00e0 Annecy.<\/h1>\n\n\n\n<p>Le mat\u00e9riel est fourni ou non.<\/p>\n\n\n\n<p>Lundi : 14 h \u2013 16 h<\/p>\n\n\n\n<p>Mardi : 9 h \u2013 11 h &nbsp; \/ 14 h \u2013 16 h<\/p>\n\n\n\n<p>Mercredi : 9 h \u2013 11 h \/ 14 h \u2013 16 h<\/p>\n","protected":false},"excerpt":{"rendered":"<p>Les cours se d\u00e9roulent en petits groupes de 5 personnes au 5, avenue des Romains \u00e0 Annecy. Le mat\u00e9riel est fourni ou non. Lundi : 14 h \u2013 16 h Mardi : 9 h \u2013 11 h &nbsp; \/ 14 h \u2013 16 h Mercredi : 9 h \u2013 11 h \/ 14 h \u2013 &hellip; <a href=\"https:\/\/cours-peinture-mogli.fr\/index.php\/les-cours\/\" class=\"more-link\">Continuer la lecture de <span class=\"screen-reader-text\">Les Cours<\/span>  <span class=\"meta-nav\">&rarr;<\/span><\/a><\/p>\n","protected":false},"author":1,"featured_media":0,"parent":0,"menu_order":0,"comment_status":"closed","ping_status":"closed","template":"","meta":{"footnotes":""},"class_list":["post-16","page","type-page","status-publish","hentry"],"aioseo_notices":[],"_links":{"self":[{"href":"https:\/\/cours-peinture-mogli.fr\/index.php\/wp-json\/wp\/v2\/pages\/16","targetHints":{"allow":["GET"]}}],"collection":[{"href":"https:\/\/cours-peinture-mogli.fr\/index.php\/wp-json\/wp\/v2\/pages"}],"about":[{"href":"https:\/\/cours-peinture-mogli.fr\/index.php\/wp-json\/wp\/v2\/types\/page"}],"author":[{"embeddable":true,"href":"https:\/\/cours-peinture-mogli.fr\/index.php\/wp-json\/wp\/v2\/users\/1"}],"replies":[{"embeddable":true,"href":"https:\/\/cours-peinture-mogli.fr\/index.php\/wp-json\/wp\/v2\/comments?post=16"}],"version-history":[{"count":2,"href":"https:\/\/cours-peinture-mogli.fr\/index.php\/wp-json\/wp\/v2\/pages\/16\/revisions"}],"predecessor-version":[{"id":437,"href":"https:\/\/cours-peinture-mogli.fr\/index.php\/wp-json\/wp\/v2\/pages\/16\/revisions\/437"}],"wp:attachment":[{"href":"https:\/\/cours-peinture-mogli.fr\/index.php\/wp-json\/wp\/v2\/media?parent=16"}],"curies":[{"name":"wp","href":"https:\/\/api.w.org\/{rel}","templated":true}]}}